{"id":2165,"date":"2021-04-19T13:52:12","date_gmt":"2021-04-19T13:52:12","guid":{"rendered":"https:\/\/bloguelangues.cecm.ca\/?page_id=2165"},"modified":"2021-06-16T21:29:58","modified_gmt":"2021-06-16T21:29:58","slug":"about","status":"publish","type":"page","link":"https:\/\/bloguelangues.cecm.ca\/?page_id=2165","title":{"rendered":"About"},"content":{"rendered":"\n<p class=\"has-text-align-center has-vivid-cyan-blue-color has-text-color\" style=\"font-size:33px\"><strong>WHO ARE WE?<\/strong><\/p>\n\n\n\n<p class=\"has-text-align-center\">You probably have a lot of questions, and may be wondering&#8230;What is the Language program? Where is Montmagny?  What is the immersion? In, this section you&#8217;ll find all the information you need to get to know us better and if you have any other questions, feel free to contact us. <\/p>\n\n\n\n<p class=\"has-text-align-center has-vivid-cyan-blue-color has-text-color\" style=\"font-size:25px\"><strong>The Centre d\u2019\u00e9tudes coll\u00e9giales de Montmagny (C\u00c9CM)<\/strong><\/p>\n\n\n\n<div class=\"wp-block-media-text alignwide is-stacked-on-mobile\" style=\"grid-template-columns:55% auto\"><figure class=\"wp-block-media-text__media\"><img decoding=\"async\" loading=\"lazy\" width=\"600\" height=\"369\" src=\"https:\/\/bloguelangues.cecm.ca\/wp-content\/uploads\/2020\/06\/CECM.jpg\" alt=\"\" class=\"wp-image-292 size-full\" srcset=\"https:\/\/bloguelangues.cecm.ca\/wp-content\/uploads\/2020\/06\/CECM.jpg 600w, https:\/\/bloguelangues.cecm.ca\/wp-content\/uploads\/2020\/06\/CECM-300x185.jpg 300w\" sizes=\"(max-width: 600px) 100vw, 600px\" \/><\/figure><div class=\"wp-block-media-text__content\">\n<p class=\"has-text-align-center\" style=\"font-size:18px\">The <strong><a rel=\"noreferrer noopener\" href=\"https:\/\/www.cecm.ca\/\" target=\"_blank\">Centre d&#8217;\u00e9tudes coll\u00e9giales de Montmagny (C\u00c9CM)<\/a><\/strong> is a public college that provides the first level of post-secondary education.<\/p>\n<\/div><\/div>\n\n\n\n<p class=\"has-text-align-center has-white-color has-text-color\">&#8212;<\/p>\n\n\n\n<div class=\"wp-block-media-text alignwide has-media-on-the-right is-stacked-on-mobile\"><figure class=\"wp-block-media-text__media\"><img decoding=\"async\" loading=\"lazy\" width=\"370\" height=\"225\" src=\"https:\/\/bloguelangues.cecm.ca\/wp-content\/uploads\/2020\/06\/Montmagny-map.jpg\" alt=\"\" class=\"wp-image-295 size-full\" srcset=\"https:\/\/bloguelangues.cecm.ca\/wp-content\/uploads\/2020\/06\/Montmagny-map.jpg 370w, https:\/\/bloguelangues.cecm.ca\/wp-content\/uploads\/2020\/06\/Montmagny-map-300x182.jpg 300w\" sizes=\"(max-width: 370px) 100vw, 370px\" \/><\/figure><div class=\"wp-block-media-text__content\">\n<p class=\"has-text-align-center\" style=\"font-size:18px\">The college is located in <a rel=\"noreferrer noopener\" href=\"https:\/\/en.wikipedia.org\/wiki\/Montmagny,_Quebec\" target=\"_blank\"><strong>Montmagny<\/strong><\/a>, a small town about 40 minutes from Quebec City in Canada.<\/p>\n<\/div><\/div>\n\n\n\n<p class=\"has-text-align-center has-white-color has-text-color\">&#8212;<\/p>\n\n\n\n<p class=\"has-text-align-center has-vivid-cyan-blue-color has-text-color\" style=\"font-size:30px\"><strong>The Language Program<\/strong><\/p>\n\n\n\n<p class=\"has-text-align-center\">Founded in 2009, the<strong> Montmagny Language program<\/strong> is a<strong> <\/strong>pre-university program&nbsp;that is designed to allow students to integrate into undergraduate&nbsp;<a rel=\"noreferrer noopener\" href=\"https:\/\/www.cegepsquebec.ca\/en\/cegeps\/presentation\/systeme-scolaire-quebecois\/\" target=\"_blank\">university studies<\/a>.<\/p>\n\n\n\n<p class=\"has-text-align-center\">The program allows them to develop their English and Spanish abitilies, become familiar with other languages (Japanese, German, and Italian) as well as aqcuire a plethora of other skills. <\/p>\n\n\n\n<p class=\"has-text-align-center has-luminous-vivid-orange-color has-text-color\" style=\"font-size:23px\"><strong>Discovery and travel are at the heart of the learning process.<\/strong><\/p>\n\n\n\n<figure class=\"wp-block-embed is-type-video is-provider-youtube wp-block-embed-youtube wp-embed-aspect-16-9 wp-has-aspect-ratio\"><div class=\"wp-block-embed__wrapper\">\n<iframe loading=\"lazy\" title=\"Arts, lettres et communication, option Langues\" width=\"500\" height=\"281\" src=\"https:\/\/www.youtube.com\/embed\/5w0P-Gb6eqw?feature=oembed\" frameborder=\"0\" allow=\"accelerometer; autoplay; clipboard-write; encrypted-media; gyroscope; picture-in-picture\" allowfullscreen><\/iframe>\n<\/div><\/figure>\n\n\n\n<p class=\"has-text-align-center has-white-color has-text-color\">&#8212;<\/p>\n\n\n\n<p class=\"has-text-align-center has-vivid-cyan-blue-color has-text-color\" style=\"font-size:30px\"><strong>Enriching Educational Activities<\/strong><\/p>\n\n\n\n<p class=\"has-text-align-center\">In addition to enhancing their language skills, students learn about different cultures and customs through various activities inside and outside of the classroom, such as cultural workshops, conferences, exhibitions, and field trips.<\/p>\n\n\n\n<figure class=\"wp-block-gallery columns-3 is-cropped wp-block-gallery-1 is-layout-flex\"><ul class=\"blocks-gallery-grid\"><li class=\"blocks-gallery-item\"><figure><img decoding=\"async\" loading=\"lazy\" width=\"1024\" height=\"707\" src=\"https:\/\/bloguelangues.cecm.ca\/wp-content\/uploads\/2021\/02\/50853167_10216284156429226_6770773667333799936_o-1024x707.jpg\" alt=\"\" data-id=\"1887\" data-full-url=\"https:\/\/bloguelangues.cecm.ca\/wp-content\/uploads\/2021\/02\/50853167_10216284156429226_6770773667333799936_o.jpg\" data-link=\"https:\/\/bloguelangues.cecm.ca\/?attachment_id=1887\" class=\"wp-image-1887\" srcset=\"https:\/\/bloguelangues.cecm.ca\/wp-content\/uploads\/2021\/02\/50853167_10216284156429226_6770773667333799936_o-1024x707.jpg 1024w, https:\/\/bloguelangues.cecm.ca\/wp-content\/uploads\/2021\/02\/50853167_10216284156429226_6770773667333799936_o-300x207.jpg 300w, https:\/\/bloguelangues.cecm.ca\/wp-content\/uploads\/2021\/02\/50853167_10216284156429226_6770773667333799936_o-768x530.jpg 768w, https:\/\/bloguelangues.cecm.ca\/wp-content\/uploads\/2021\/02\/50853167_10216284156429226_6770773667333799936_o-1536x1060.jpg 1536w, https:\/\/bloguelangues.cecm.ca\/wp-content\/uploads\/2021\/02\/50853167_10216284156429226_6770773667333799936_o.jpg 1947w\" sizes=\"(max-width: 1024px) 100vw, 1024px\" \/><figcaption class=\"blocks-gallery-item__caption\">Japanese calligraphy workshop<\/figcaption><\/figure><\/li><li class=\"blocks-gallery-item\"><figure><img decoding=\"async\" loading=\"lazy\" width=\"561\" height=\"391\" src=\"https:\/\/bloguelangues.cecm.ca\/wp-content\/uploads\/2020\/07\/Mus\u00e9e-Frida.png\" alt=\"\" data-id=\"515\" data-full-url=\"https:\/\/bloguelangues.cecm.ca\/wp-content\/uploads\/2020\/07\/Mus\u00e9e-Frida.png\" data-link=\"https:\/\/bloguelangues.cecm.ca\/?attachment_id=515\" class=\"wp-image-515\" srcset=\"https:\/\/bloguelangues.cecm.ca\/wp-content\/uploads\/2020\/07\/Mus\u00e9e-Frida.png 561w, https:\/\/bloguelangues.cecm.ca\/wp-content\/uploads\/2020\/07\/Mus\u00e9e-Frida-300x209.png 300w\" sizes=\"(max-width: 561px) 100vw, 561px\" \/><figcaption class=\"blocks-gallery-item__caption\">Frida Kahlo exhibition<\/figcaption><\/figure><\/li><li class=\"blocks-gallery-item\"><figure><img decoding=\"async\" loading=\"lazy\" width=\"960\" height=\"935\" src=\"https:\/\/bloguelangues.cecm.ca\/wp-content\/uploads\/2020\/07\/Montreal-2.jpg\" alt=\"\" data-id=\"516\" data-full-url=\"https:\/\/bloguelangues.cecm.ca\/wp-content\/uploads\/2020\/07\/Montreal-2.jpg\" data-link=\"https:\/\/bloguelangues.cecm.ca\/?attachment_id=516\" class=\"wp-image-516\" srcset=\"https:\/\/bloguelangues.cecm.ca\/wp-content\/uploads\/2020\/07\/Montreal-2.jpg 960w, https:\/\/bloguelangues.cecm.ca\/wp-content\/uploads\/2020\/07\/Montreal-2-300x292.jpg 300w, https:\/\/bloguelangues.cecm.ca\/wp-content\/uploads\/2020\/07\/Montreal-2-768x748.jpg 768w\" sizes=\"(max-width: 960px) 100vw, 960px\" \/><figcaption class=\"blocks-gallery-item__caption\">Cultural field trip to Montreal<\/figcaption><\/figure><\/li><li class=\"blocks-gallery-item\"><figure><img decoding=\"async\" loading=\"lazy\" width=\"960\" height=\"720\" src=\"https:\/\/bloguelangues.cecm.ca\/wp-content\/uploads\/2020\/07\/44713524_10155853537881705_4670979953209114624_n.jpg\" alt=\"\" data-id=\"628\" data-full-url=\"https:\/\/bloguelangues.cecm.ca\/wp-content\/uploads\/2020\/07\/44713524_10155853537881705_4670979953209114624_n.jpg\" data-link=\"https:\/\/bloguelangues.cecm.ca\/?attachment_id=628\" class=\"wp-image-628\" srcset=\"https:\/\/bloguelangues.cecm.ca\/wp-content\/uploads\/2020\/07\/44713524_10155853537881705_4670979953209114624_n.jpg 960w, https:\/\/bloguelangues.cecm.ca\/wp-content\/uploads\/2020\/07\/44713524_10155853537881705_4670979953209114624_n-300x225.jpg 300w, https:\/\/bloguelangues.cecm.ca\/wp-content\/uploads\/2020\/07\/44713524_10155853537881705_4670979953209114624_n-768x576.jpg 768w\" sizes=\"(max-width: 960px) 100vw, 960px\" \/><figcaption class=\"blocks-gallery-item__caption\">Celebration of the Day of the Dead (D\u00eda de Muertos)<\/figcaption><\/figure><\/li><\/ul><\/figure>\n\n\n\n<p><\/p>\n\n\n\n<p class=\"has-text-align-center has-white-color has-text-color\">&#8212;<\/p>\n\n\n\n<p class=\"has-text-align-center has-vivid-cyan-blue-color has-text-color\" style=\"font-size:30px\"><strong>The Immersion <\/strong><\/p>\n\n\n\n<p class=\"has-text-align-center\">As part of the program, all students must do a <strong>6-week immersion internship<\/strong> in another language (English or Spanish) and culture to graduate. <\/p>\n\n\n\n<p class=\"has-text-align-center has-medium-font-size\"><strong>To date, more than 120 students have been able to live an enriching immersion experience throughout Canada and abroad.<\/strong><\/p>\n\n\n\n<figure class=\"wp-block-gallery columns-3 is-cropped wp-block-gallery-3 is-layout-flex\"><ul class=\"blocks-gallery-grid\"><li class=\"blocks-gallery-item\"><figure><img decoding=\"async\" loading=\"lazy\" width=\"960\" height=\"960\" src=\"https:\/\/bloguelangues.cecm.ca\/wp-content\/uploads\/2020\/06\/SanDiego-1.jpg\" alt=\"\" data-id=\"247\" data-full-url=\"https:\/\/bloguelangues.cecm.ca\/wp-content\/uploads\/2020\/06\/SanDiego-1.jpg\" data-link=\"https:\/\/bloguelangues.cecm.ca\/?attachment_id=247\" class=\"wp-image-247\" srcset=\"https:\/\/bloguelangues.cecm.ca\/wp-content\/uploads\/2020\/06\/SanDiego-1.jpg 960w, https:\/\/bloguelangues.cecm.ca\/wp-content\/uploads\/2020\/06\/SanDiego-1-300x300.jpg 300w, https:\/\/bloguelangues.cecm.ca\/wp-content\/uploads\/2020\/06\/SanDiego-1-150x150.jpg 150w, https:\/\/bloguelangues.cecm.ca\/wp-content\/uploads\/2020\/06\/SanDiego-1-768x768.jpg 768w, https:\/\/bloguelangues.cecm.ca\/wp-content\/uploads\/2020\/06\/SanDiego-1-100x100.jpg 100w\" sizes=\"(max-width: 960px) 100vw, 960px\" \/><figcaption class=\"blocks-gallery-item__caption\">Sarah-Mich\u00e8le \u2013 California<\/figcaption><\/figure><\/li><li class=\"blocks-gallery-item\"><figure><img decoding=\"async\" loading=\"lazy\" width=\"960\" height=\"720\" src=\"https:\/\/bloguelangues.cecm.ca\/wp-content\/uploads\/2020\/07\/54428697_2160793374013261_4204964297807233024_n.jpg\" alt=\"\" data-id=\"520\" data-full-url=\"https:\/\/bloguelangues.cecm.ca\/wp-content\/uploads\/2020\/07\/54428697_2160793374013261_4204964297807233024_n.jpg\" data-link=\"https:\/\/bloguelangues.cecm.ca\/?attachment_id=520\" class=\"wp-image-520\" srcset=\"https:\/\/bloguelangues.cecm.ca\/wp-content\/uploads\/2020\/07\/54428697_2160793374013261_4204964297807233024_n.jpg 960w, https:\/\/bloguelangues.cecm.ca\/wp-content\/uploads\/2020\/07\/54428697_2160793374013261_4204964297807233024_n-300x225.jpg 300w, https:\/\/bloguelangues.cecm.ca\/wp-content\/uploads\/2020\/07\/54428697_2160793374013261_4204964297807233024_n-768x576.jpg 768w\" sizes=\"(max-width: 960px) 100vw, 960px\" \/><figcaption class=\"blocks-gallery-item__caption\">M\u00e9lina \u2013 Panama<\/figcaption><\/figure><\/li><li class=\"blocks-gallery-item\"><figure><img decoding=\"async\" loading=\"lazy\" width=\"800\" height=\"533\" src=\"https:\/\/bloguelangues.cecm.ca\/wp-content\/uploads\/2020\/07\/58441525_1928133633957314_2521891718312230912_n.jpg\" alt=\"\" data-id=\"531\" data-full-url=\"https:\/\/bloguelangues.cecm.ca\/wp-content\/uploads\/2020\/07\/58441525_1928133633957314_2521891718312230912_n.jpg\" data-link=\"https:\/\/bloguelangues.cecm.ca\/?attachment_id=531\" class=\"wp-image-531\" srcset=\"https:\/\/bloguelangues.cecm.ca\/wp-content\/uploads\/2020\/07\/58441525_1928133633957314_2521891718312230912_n.jpg 800w, https:\/\/bloguelangues.cecm.ca\/wp-content\/uploads\/2020\/07\/58441525_1928133633957314_2521891718312230912_n-300x200.jpg 300w, https:\/\/bloguelangues.cecm.ca\/wp-content\/uploads\/2020\/07\/58441525_1928133633957314_2521891718312230912_n-768x512.jpg 768w\" sizes=\"(max-width: 800px) 100vw, 800px\" \/><figcaption class=\"blocks-gallery-item__caption\">Rebecca \u2013 Ecuador<\/figcaption><\/figure><\/li><li class=\"blocks-gallery-item\"><figure><img decoding=\"async\" loading=\"lazy\" width=\"720\" height=\"960\" src=\"https:\/\/bloguelangues.cecm.ca\/wp-content\/uploads\/2020\/07\/29512721_1268876289922522_1547317656641648048_n.jpg\" alt=\"\" data-id=\"530\" data-full-url=\"https:\/\/bloguelangues.cecm.ca\/wp-content\/uploads\/2020\/07\/29512721_1268876289922522_1547317656641648048_n.jpg\" data-link=\"https:\/\/bloguelangues.cecm.ca\/?attachment_id=530\" class=\"wp-image-530\" srcset=\"https:\/\/bloguelangues.cecm.ca\/wp-content\/uploads\/2020\/07\/29512721_1268876289922522_1547317656641648048_n.jpg 720w, https:\/\/bloguelangues.cecm.ca\/wp-content\/uploads\/2020\/07\/29512721_1268876289922522_1547317656641648048_n-225x300.jpg 225w\" sizes=\"(max-width: 720px) 100vw, 720px\" \/><figcaption class=\"blocks-gallery-item__caption\">Laurence \u2013 Peru<\/figcaption><\/figure><\/li><li class=\"blocks-gallery-item\"><figure><img decoding=\"async\" loading=\"lazy\" width=\"960\" height=\"720\" src=\"https:\/\/bloguelangues.cecm.ca\/wp-content\/uploads\/2020\/06\/56890280_2092212604230471_2909062447153283072_n.jpg\" alt=\"\" data-id=\"358\" data-full-url=\"https:\/\/bloguelangues.cecm.ca\/wp-content\/uploads\/2020\/06\/56890280_2092212604230471_2909062447153283072_n.jpg\" data-link=\"https:\/\/bloguelangues.cecm.ca\/?attachment_id=358\" class=\"wp-image-358\" srcset=\"https:\/\/bloguelangues.cecm.ca\/wp-content\/uploads\/2020\/06\/56890280_2092212604230471_2909062447153283072_n.jpg 960w, https:\/\/bloguelangues.cecm.ca\/wp-content\/uploads\/2020\/06\/56890280_2092212604230471_2909062447153283072_n-300x225.jpg 300w, https:\/\/bloguelangues.cecm.ca\/wp-content\/uploads\/2020\/06\/56890280_2092212604230471_2909062447153283072_n-768x576.jpg 768w\" sizes=\"(max-width: 960px) 100vw, 960px\" \/><figcaption class=\"blocks-gallery-item__caption\">Kim \u2013 Guatemala<\/figcaption><\/figure><\/li><li class=\"blocks-gallery-item\"><figure><img decoding=\"async\" loading=\"lazy\" width=\"720\" height=\"960\" src=\"https:\/\/bloguelangues.cecm.ca\/wp-content\/uploads\/2020\/06\/30710874_1547759905334697_1185461452446629888_n.jpg\" alt=\"\" data-id=\"357\" data-full-url=\"https:\/\/bloguelangues.cecm.ca\/wp-content\/uploads\/2020\/06\/30710874_1547759905334697_1185461452446629888_n.jpg\" data-link=\"https:\/\/bloguelangues.cecm.ca\/?attachment_id=357\" class=\"wp-image-357\" srcset=\"https:\/\/bloguelangues.cecm.ca\/wp-content\/uploads\/2020\/06\/30710874_1547759905334697_1185461452446629888_n.jpg 720w, https:\/\/bloguelangues.cecm.ca\/wp-content\/uploads\/2020\/06\/30710874_1547759905334697_1185461452446629888_n-225x300.jpg 225w\" sizes=\"(max-width: 720px) 100vw, 720px\" \/><figcaption class=\"blocks-gallery-item__caption\">Samuel \u2013 Hawaii<\/figcaption><\/figure><\/li><\/ul><\/figure>\n\n\n\n<p><\/p>\n\n\n\n<p class=\"has-text-align-center has-white-color has-text-color\">&#8212;<\/p>\n\n\n\n<p class=\"has-text-align-center has-vivid-cyan-blue-color has-text-color\" style=\"font-size:30px\"><strong>The Teachers<\/strong><\/p>\n\n\n\n<p class=\"has-text-align-center\">Students benefit from personalized teaching and support throughout their studies, internship preparation and during immersion.<\/p>\n\n\n\n<p class=\"has-text-align-center\">The teachers prepare them for their internships by giving them readings and assignments on their chosen destination, organizing cultural outings as well inviting guest speakers to talk about culture shock and adapting to a new environment.<\/p>\n\n\n\n<p class=\"has-text-align-center\">Here are the teachers who guide them through this adventure!<\/p>\n\n\n\n<div class=\"wp-block-image\"><figure class=\"aligncenter size-large\"><img decoding=\"async\" loading=\"lazy\" width=\"512\" height=\"512\" src=\"https:\/\/bloguelangues.cecm.ca\/wp-content\/uploads\/2020\/06\/Teachers-2.jpg\" alt=\"\" class=\"wp-image-329\" srcset=\"https:\/\/bloguelangues.cecm.ca\/wp-content\/uploads\/2020\/06\/Teachers-2.jpg 512w, https:\/\/bloguelangues.cecm.ca\/wp-content\/uploads\/2020\/06\/Teachers-2-300x300.jpg 300w, https:\/\/bloguelangues.cecm.ca\/wp-content\/uploads\/2020\/06\/Teachers-2-150x150.jpg 150w, https:\/\/bloguelangues.cecm.ca\/wp-content\/uploads\/2020\/06\/Teachers-2-100x100.jpg 100w\" sizes=\"(max-width: 512px) 100vw, 512px\" \/><figcaption>From left to right: <em>Tabitha Rondeau, Genevi\u00e8ve Boudreau, Enrique Fernandez Velazquez, Sarah Inkman and Catherine<\/em> <em>Baillargeon<\/em><\/figcaption><\/figure><\/div>\n","protected":false},"excerpt":{"rendered":"<p>WHO ARE WE? You probably have a lot of questions, and may be wondering&#8230;What is the Language program? Where is Montmagny? What is the immersion? In, this section you&#8217;ll find all the information you need to get to know us better and if you have any other questions, feel free to contact us. The Centre d\u2019\u00e9tudes coll\u00e9giales de Montmagny (C\u00c9CM) The Centre d&#8217;\u00e9tudes coll\u00e9giales de Montmagny (C\u00c9CM) is a public college that provides the first level of post-secondary education. &#8212; The college is located in Montmagny, a small town about 40 minutes from Quebec City in Canada. &#8212; The Language<\/p>\n","protected":false},"author":1,"featured_media":0,"parent":0,"menu_order":0,"comment_status":"closed","ping_status":"closed","template":"","meta":[],"_links":{"self":[{"href":"https:\/\/bloguelangues.cecm.ca\/index.php?rest_route=\/wp\/v2\/pages\/2165"}],"collection":[{"href":"https:\/\/bloguelangues.cecm.ca\/index.php?rest_route=\/wp\/v2\/pages"}],"about":[{"href":"https:\/\/bloguelangues.cecm.ca\/index.php?rest_route=\/wp\/v2\/types\/page"}],"author":[{"embeddable":true,"href":"https:\/\/bloguelangues.cecm.ca\/index.php?rest_route=\/wp\/v2\/users\/1"}],"replies":[{"embeddable":true,"href":"https:\/\/bloguelangues.cecm.ca\/index.php?rest_route=%2Fwp%2Fv2%2Fcomments&post=2165"}],"version-history":[{"count":27,"href":"https:\/\/bloguelangues.cecm.ca\/index.php?rest_route=\/wp\/v2\/pages\/2165\/revisions"}],"predecessor-version":[{"id":2841,"href":"https:\/\/bloguelangues.cecm.ca\/index.php?rest_route=\/wp\/v2\/pages\/2165\/revisions\/2841"}],"wp:attachment":[{"href":"https:\/\/bloguelangues.cecm.ca\/index.php?rest_route=%2Fwp%2Fv2%2Fmedia&parent=2165"}],"curies":[{"name":"wp","href":"https:\/\/api.w.org\/{rel}","templated":true}]}}