{"id":2513,"date":"2021-06-02T13:52:55","date_gmt":"2021-06-02T13:52:55","guid":{"rendered":"https:\/\/bloguelangues.cecm.ca\/?page_id=2513"},"modified":"2021-06-07T15:43:30","modified_gmt":"2021-06-07T15:43:30","slug":"a-proposito","status":"publish","type":"page","link":"https:\/\/bloguelangues.cecm.ca\/?page_id=2513&lang=es","title":{"rendered":"A prop\u00f3sito"},"content":{"rendered":"\n<p class=\"has-text-align-center has-vivid-cyan-blue-color has-text-color\" style=\"font-size:33px\"><strong><strong>\u00bfQUI\u00c9NES SOMOS?<\/strong><\/strong><\/p>\n\n\n\n<p class=\"has-text-align-left\">Seguramente tiene muchas preguntas y quiz\u00e1 se pregunta\u2026 \u00bfQu\u00e9 es el CECM? \u00bfD\u00f3nde est\u00e1 Montmagny? \u00bfQu\u00e9 es el Programa Lenguas? \u00bfQu\u00e9 es la inmersi\u00f3n? \u00bfQui\u00e9nes son los profesores? Bueno, esta secci\u00f3n contiene toda la informaci\u00f3n que necesite con el fin de aprender a conocernos mejor.<\/p>\n\n\n\n<p class=\"has-text-align-center has-vivid-cyan-blue-color has-text-color\" style=\"font-size:25px\"><strong><strong>El Centro de estudios colegiales de Montmagny (CECM) (Centre d\u2019\u00e9tudes coll\u00e9giales de Montmagny (C\u00c9CM)<\/strong><\/strong><\/p>\n\n\n\n<div class=\"wp-block-image\"><figure class=\"alignleft size-large is-resized\"><img decoding=\"async\" loading=\"lazy\" src=\"https:\/\/bloguelangues.cecm.ca\/wp-content\/uploads\/2020\/06\/CECM.jpg\" alt=\"\" class=\"wp-image-292\" width=\"418\" height=\"257\" srcset=\"https:\/\/bloguelangues.cecm.ca\/wp-content\/uploads\/2020\/06\/CECM.jpg 600w, https:\/\/bloguelangues.cecm.ca\/wp-content\/uploads\/2020\/06\/CECM-300x185.jpg 300w\" sizes=\"(max-width: 418px) 100vw, 418px\" \/><\/figure><\/div>\n\n\n\n<p class=\"has-text-align-left\">El <a href=\"https:\/\/www.cecm.ca\/\" target=\"_blank\" rel=\"noreferrer noopener\"><em>Centro de estudios colegiales de Montmagny (CECM<\/em>)<\/a> es un establecimiento de estudios post secundarios (colegiales) afiliado al C\u00e9gep de La Pocati\u00e8re y est\u00e1 situado en la ciudad de <a href=\"https:\/\/es.wikipedia.org\/wiki\/Montmagny_(Quebec)\" target=\"_blank\" rel=\"noreferrer noopener\">Montmagny<\/a>.<\/p>\n\n\n\n<p class=\"has-text-align-left\">Un C\u00e9gep es un acr\u00f3nimo que significa \u201cCentro de estudios generales y profesionales\u201d. Los programas generales, tales como el programa Lenguas, duran dos a\u00f1os y llevan a un diploma necesario para entrar en la universidad. Los programas profesionales duran tres a\u00f1os y llevan a un diploma profesional; no es necesario ir a la universidad luego para trabajar en ese tipo de profesi\u00f3n.<\/p>\n\n\n\n<p class=\"has-text-align-left\">Montmagny es una peque\u00f1a ciudad situada en la orilla sur del R\u00edo San Lorenzo, a unos cuarenta minutos de la Ciudad de Quebec (orilla norte) y unos cuarenta minutos de La Pocati\u00e8re (orilla sur), en la provincia de Quebec, Canad\u00e1.<\/p>\n\n\n\n<div class=\"wp-block-image\"><figure class=\"aligncenter size-large\"><img decoding=\"async\" loading=\"lazy\" width=\"370\" height=\"225\" src=\"https:\/\/bloguelangues.cecm.ca\/wp-content\/uploads\/2020\/06\/Montmagny-map.jpg\" alt=\"\" class=\"wp-image-295\" srcset=\"https:\/\/bloguelangues.cecm.ca\/wp-content\/uploads\/2020\/06\/Montmagny-map.jpg 370w, https:\/\/bloguelangues.cecm.ca\/wp-content\/uploads\/2020\/06\/Montmagny-map-300x182.jpg 300w\" sizes=\"(max-width: 370px) 100vw, 370px\" \/><\/figure><\/div>\n\n\n\n<p class=\"has-text-align-center\">________________________________<\/p>\n\n\n\n<p><\/p>\n\n\n\n<p class=\"has-text-align-center has-vivid-cyan-blue-color has-text-color\" style=\"font-size:25px\"><strong><strong>El programa Lenguas<\/strong><\/strong><\/p>\n\n\n\n<p class=\"has-text-align-center\" style=\"font-size:18px\"><strong>Los descubrimientos y los viajes est\u00e1n en el coraz\u00f3n del aprendizaje.<\/strong><\/p>\n\n\n\n<p class=\"has-text-align-left has-normal-font-size\">Fundado en 2009, el programa<a href=\"https:\/\/www.cecm.ca\/programmes\/preuniversitaires\/arts-lettres-et-communication-langues\/\" target=\"_blank\" rel=\"noreferrer noopener\"> Artes, letras y comunicaci\u00f3n \/\/ Lenguas<\/a>, com\u00fanmente llamado \u201cel programa Lenguas\u201d, es un programa \u00fanico en su especie y permite a los estudiantes descubrir diversas culturas, dominar el ingl\u00e9s y el espa\u00f1ol, as\u00ed como familiarizarse con otras lenguas tales como el japon\u00e9s, el alem\u00e1n y el italiano.<\/p>\n\n\n\n<figure class=\"wp-block-embed is-type-video is-provider-youtube wp-block-embed-youtube wp-embed-aspect-16-9 wp-has-aspect-ratio\"><div class=\"wp-block-embed__wrapper\">\n<iframe loading=\"lazy\" title=\"Arts, lettres et communication, option Langues\" width=\"500\" height=\"281\" src=\"https:\/\/www.youtube.com\/embed\/5w0P-Gb6eqw?feature=oembed\" frameborder=\"0\" allow=\"accelerometer; autoplay; clipboard-write; encrypted-media; gyroscope; picture-in-picture\" allowfullscreen><\/iframe>\n<\/div><\/figure>\n\n\n\n<p class=\"has-text-align-left\">Los descubrimientos y los viajes est\u00e1n en el coraz\u00f3n del aprendizaje del programa Lenguas. A lo largo de su carrera escolar, los estudiantes explorar diferentes culturas y costumbres por medio de una variedad de actividades y una experiencia de vida inolvidable, la pr\u00e1ctica de inmersi\u00f3n.<\/p>\n\n\n\n<p><\/p>\n\n\n\n<figure class=\"wp-block-gallery columns-3 is-cropped wp-block-gallery-1 is-layout-flex\"><ul class=\"blocks-gallery-grid\"><li class=\"blocks-gallery-item\"><figure><img decoding=\"async\" loading=\"lazy\" width=\"1947\" height=\"1344\" src=\"https:\/\/immersion.cecm.profweb.ca\/wp-content\/uploads\/2020\/07\/50853167_10216284156429226_6770773667333799936_o.jpg?fit=525%2C362\" alt=\"\" data-id=\"512\" data-link=\"https:\/\/bloguelangues.cecm.ca\/?attachment_id=512\" class=\"wp-image-512\" srcset=\"https:\/\/bloguelangues.cecm.ca\/wp-content\/uploads\/2020\/07\/50853167_10216284156429226_6770773667333799936_o.jpg 1947w, https:\/\/bloguelangues.cecm.ca\/wp-content\/uploads\/2020\/07\/50853167_10216284156429226_6770773667333799936_o-300x207.jpg 300w, https:\/\/bloguelangues.cecm.ca\/wp-content\/uploads\/2020\/07\/50853167_10216284156429226_6770773667333799936_o-1024x707.jpg 1024w, https:\/\/bloguelangues.cecm.ca\/wp-content\/uploads\/2020\/07\/50853167_10216284156429226_6770773667333799936_o-768x530.jpg 768w, https:\/\/bloguelangues.cecm.ca\/wp-content\/uploads\/2020\/07\/50853167_10216284156429226_6770773667333799936_o-1536x1060.jpg 1536w\" sizes=\"(max-width: 1947px) 100vw, 1947px\" \/><figcaption class=\"blocks-gallery-item__caption\">Taller de caligraf\u00eda japonesa<\/figcaption><\/figure><\/li><li class=\"blocks-gallery-item\"><figure><img decoding=\"async\" loading=\"lazy\" width=\"561\" height=\"391\" src=\"https:\/\/bloguelangues.cecm.ca\/wp-content\/uploads\/2020\/07\/Mus\u00e9e-Frida.png\" alt=\"\" data-id=\"515\" data-link=\"https:\/\/bloguelangues.cecm.ca\/?attachment_id=515\" class=\"wp-image-515\" srcset=\"https:\/\/bloguelangues.cecm.ca\/wp-content\/uploads\/2020\/07\/Mus\u00e9e-Frida.png 561w, https:\/\/bloguelangues.cecm.ca\/wp-content\/uploads\/2020\/07\/Mus\u00e9e-Frida-300x209.png 300w\" sizes=\"(max-width: 561px) 100vw, 561px\" \/><figcaption class=\"blocks-gallery-item__caption\">Exposici\u00f3n de Frida Kahlo<\/figcaption><\/figure><\/li><li class=\"blocks-gallery-item\"><figure><img decoding=\"async\" loading=\"lazy\" width=\"960\" height=\"935\" src=\"https:\/\/bloguelangues.cecm.ca\/wp-content\/uploads\/2020\/07\/Montreal-2.jpg\" alt=\"\" data-id=\"516\" data-full-url=\"https:\/\/immersion.cecm.profweb.ca\/wp-content\/uploads\/2020\/07\/Montreal-2.jpg?fit=960%2C935\" data-link=\"https:\/\/bloguelangues.cecm.ca\/?attachment_id=516\" class=\"wp-image-516\" srcset=\"https:\/\/bloguelangues.cecm.ca\/wp-content\/uploads\/2020\/07\/Montreal-2.jpg 960w, https:\/\/bloguelangues.cecm.ca\/wp-content\/uploads\/2020\/07\/Montreal-2-300x292.jpg 300w, https:\/\/bloguelangues.cecm.ca\/wp-content\/uploads\/2020\/07\/Montreal-2-768x748.jpg 768w\" sizes=\"(max-width: 960px) 100vw, 960px\" \/><figcaption class=\"blocks-gallery-item__caption\">Visita cultural en Montreal<\/figcaption><\/figure><\/li><li class=\"blocks-gallery-item\"><figure><img decoding=\"async\" loading=\"lazy\" width=\"960\" height=\"720\" src=\"https:\/\/bloguelangues.cecm.ca\/wp-content\/uploads\/2020\/06\/44713524_10155853537881705_4670979953209114624_n.jpg\" alt=\"\" data-id=\"315\" data-link=\"https:\/\/bloguelangues.cecm.ca\/?attachment_id=315\" class=\"wp-image-315\" srcset=\"https:\/\/bloguelangues.cecm.ca\/wp-content\/uploads\/2020\/06\/44713524_10155853537881705_4670979953209114624_n.jpg 960w, https:\/\/bloguelangues.cecm.ca\/wp-content\/uploads\/2020\/06\/44713524_10155853537881705_4670979953209114624_n-300x225.jpg 300w, https:\/\/bloguelangues.cecm.ca\/wp-content\/uploads\/2020\/06\/44713524_10155853537881705_4670979953209114624_n-768x576.jpg 768w\" sizes=\"(max-width: 960px) 100vw, 960px\" \/><figcaption class=\"blocks-gallery-item__caption\">Celebraci\u00f3n del D\u00eda de Muertos<\/figcaption><\/figure><\/li><\/ul><\/figure>\n\n\n\n<p class=\"has-text-align-center\">________________________________<\/p>\n\n\n\n<p class=\"has-text-align-center has-vivid-cyan-blue-color has-text-color\" style=\"font-size:25px\"><strong><strong>La pr\u00e1ctica de inmersi\u00f3n<\/strong><\/strong><\/p>\n\n\n\n<p class=\"has-text-align-left has-normal-font-size\">Con el fin de obtener su diploma, todos los estudiantes deben irse de pr\u00e1ctica de inmersi\u00f3n en el extranjero en otra lengua (ingl\u00e9s o espa\u00f1ol) y otra cultura. Esta experiencia los transforma, ofreci\u00e9ndolos una ocasi\u00f3n excepcional para desarrollar su madurez, mientras profundizan sus valores personales en esta abertura sobre el mundo.<\/p>\n\n\n\n<p class=\"has-text-align-center\" style=\"font-size:18px\"><strong>Hasta hoy, son m\u00e1s de 120 estudiantes los que han beneficiado de una ense\u00f1anza personalizada y que han podido vivir una experiencia de inmersi\u00f3n en el extranjero.<\/strong><\/p>\n\n\n\n<figure class=\"wp-block-gallery columns-3 is-cropped wp-block-gallery-3 is-layout-flex\"><ul class=\"blocks-gallery-grid\"><li class=\"blocks-gallery-item\"><figure><img decoding=\"async\" loading=\"lazy\" width=\"960\" height=\"960\" src=\"https:\/\/bloguelangues.cecm.ca\/wp-content\/uploads\/2020\/06\/SanDiego-2.jpg\" alt=\"\" data-id=\"320\" data-link=\"https:\/\/bloguelangues.cecm.ca\/?attachment_id=320\" class=\"wp-image-320\" srcset=\"https:\/\/bloguelangues.cecm.ca\/wp-content\/uploads\/2020\/06\/SanDiego-2.jpg 960w, https:\/\/bloguelangues.cecm.ca\/wp-content\/uploads\/2020\/06\/SanDiego-2-300x300.jpg 300w, https:\/\/bloguelangues.cecm.ca\/wp-content\/uploads\/2020\/06\/SanDiego-2-150x150.jpg 150w, https:\/\/bloguelangues.cecm.ca\/wp-content\/uploads\/2020\/06\/SanDiego-2-768x768.jpg 768w, https:\/\/bloguelangues.cecm.ca\/wp-content\/uploads\/2020\/06\/SanDiego-2-100x100.jpg 100w\" sizes=\"(max-width: 960px) 100vw, 960px\" \/><figcaption class=\"blocks-gallery-item__caption\">Sarah-Mich\u00e8le &#8211; California<\/figcaption><\/figure><\/li><li class=\"blocks-gallery-item\"><figure><img decoding=\"async\" loading=\"lazy\" width=\"960\" height=\"720\" src=\"https:\/\/bloguelangues.cecm.ca\/wp-content\/uploads\/2020\/07\/54428697_2160793374013261_4204964297807233024_n.jpg\" alt=\"\" data-id=\"520\" data-link=\"https:\/\/bloguelangues.cecm.ca\/?attachment_id=520\" class=\"wp-image-520\" srcset=\"https:\/\/bloguelangues.cecm.ca\/wp-content\/uploads\/2020\/07\/54428697_2160793374013261_4204964297807233024_n.jpg 960w, https:\/\/bloguelangues.cecm.ca\/wp-content\/uploads\/2020\/07\/54428697_2160793374013261_4204964297807233024_n-300x225.jpg 300w, https:\/\/bloguelangues.cecm.ca\/wp-content\/uploads\/2020\/07\/54428697_2160793374013261_4204964297807233024_n-768x576.jpg 768w\" sizes=\"(max-width: 960px) 100vw, 960px\" \/><figcaption class=\"blocks-gallery-item__caption\">M\u00e9lina &#8211; Panam\u00e1<\/figcaption><\/figure><\/li><li class=\"blocks-gallery-item\"><figure><img decoding=\"async\" loading=\"lazy\" width=\"800\" height=\"533\" src=\"https:\/\/bloguelangues.cecm.ca\/wp-content\/uploads\/2020\/07\/58441525_1928133633957314_2521891718312230912_n.jpg\" alt=\"\" data-id=\"531\" data-link=\"https:\/\/bloguelangues.cecm.ca\/?attachment_id=531\" class=\"wp-image-531\" srcset=\"https:\/\/bloguelangues.cecm.ca\/wp-content\/uploads\/2020\/07\/58441525_1928133633957314_2521891718312230912_n.jpg 800w, https:\/\/bloguelangues.cecm.ca\/wp-content\/uploads\/2020\/07\/58441525_1928133633957314_2521891718312230912_n-300x200.jpg 300w, https:\/\/bloguelangues.cecm.ca\/wp-content\/uploads\/2020\/07\/58441525_1928133633957314_2521891718312230912_n-768x512.jpg 768w\" sizes=\"(max-width: 800px) 100vw, 800px\" \/><figcaption class=\"blocks-gallery-item__caption\">Rebecca &#8211; Ecuador<\/figcaption><\/figure><\/li><li class=\"blocks-gallery-item\"><figure><img decoding=\"async\" loading=\"lazy\" width=\"720\" height=\"960\" src=\"https:\/\/bloguelangues.cecm.ca\/wp-content\/uploads\/2020\/07\/29512721_1268876289922522_1547317656641648048_n.jpg\" alt=\"\" data-id=\"530\" data-link=\"https:\/\/bloguelangues.cecm.ca\/?attachment_id=530\" class=\"wp-image-530\" srcset=\"https:\/\/bloguelangues.cecm.ca\/wp-content\/uploads\/2020\/07\/29512721_1268876289922522_1547317656641648048_n.jpg 720w, https:\/\/bloguelangues.cecm.ca\/wp-content\/uploads\/2020\/07\/29512721_1268876289922522_1547317656641648048_n-225x300.jpg 225w\" sizes=\"(max-width: 720px) 100vw, 720px\" \/><figcaption class=\"blocks-gallery-item__caption\">Laurence &#8211; Per\u00fa<\/figcaption><\/figure><\/li><li class=\"blocks-gallery-item\"><figure><img decoding=\"async\" loading=\"lazy\" width=\"960\" height=\"720\" src=\"https:\/\/bloguelangues.cecm.ca\/wp-content\/uploads\/2020\/08\/56890280_2092212604230471_2909062447153283072_n.jpg\" alt=\"\" data-id=\"1493\" data-link=\"https:\/\/bloguelangues.cecm.ca\/?attachment_id=1493\" class=\"wp-image-1493\" srcset=\"https:\/\/bloguelangues.cecm.ca\/wp-content\/uploads\/2020\/08\/56890280_2092212604230471_2909062447153283072_n.jpg 960w, https:\/\/bloguelangues.cecm.ca\/wp-content\/uploads\/2020\/08\/56890280_2092212604230471_2909062447153283072_n-300x225.jpg 300w, https:\/\/bloguelangues.cecm.ca\/wp-content\/uploads\/2020\/08\/56890280_2092212604230471_2909062447153283072_n-768x576.jpg 768w\" sizes=\"(max-width: 960px) 100vw, 960px\" \/><figcaption class=\"blocks-gallery-item__caption\">Kim &#8211; Guatemala<\/figcaption><\/figure><\/li><li class=\"blocks-gallery-item\"><figure><img decoding=\"async\" loading=\"lazy\" width=\"720\" height=\"960\" src=\"https:\/\/bloguelangues.cecm.ca\/wp-content\/uploads\/2020\/08\/30710874_1547759905334697_1185461452446629888_n.jpg\" alt=\"\" data-id=\"1494\" data-full-url=\"https:\/\/immersion.cecm.profweb.ca\/wp-content\/uploads\/2020\/08\/30710874_1547759905334697_1185461452446629888_n.jpg?fit=720%2C960\" data-link=\"https:\/\/bloguelangues.cecm.ca\/?attachment_id=1494\" class=\"wp-image-1494\" srcset=\"https:\/\/bloguelangues.cecm.ca\/wp-content\/uploads\/2020\/08\/30710874_1547759905334697_1185461452446629888_n.jpg 720w, https:\/\/bloguelangues.cecm.ca\/wp-content\/uploads\/2020\/08\/30710874_1547759905334697_1185461452446629888_n-225x300.jpg 225w\" sizes=\"(max-width: 720px) 100vw, 720px\" \/><figcaption class=\"blocks-gallery-item__caption\">Samuel &#8211; Haw\u00e1i<\/figcaption><\/figure><\/li><\/ul><\/figure>\n\n\n\n<p class=\"has-text-align-center\">________________________________<\/p>\n\n\n\n<p class=\"has-text-align-center has-vivid-cyan-blue-color has-text-color\" style=\"font-size:25px\"><strong><strong>Los profesores<\/strong><\/strong><\/p>\n\n\n\n<p class=\"has-text-align-left has-normal-font-size\">Los estudiantes benefician de una ense\u00f1anza personalizada sin igual, tanto durante la elaboraci\u00f3n de su proyecto que durante el viaje.<\/p>\n\n\n\n<p class=\"has-text-align-left has-normal-font-size\">Durante todos sus estudios, los estudiantes est\u00e1n acompa\u00f1ados por sus profesores, los cuales les ayudan con sus pr\u00e1cticas y organizan salidas culturales, invitan a inmigrantes que les hablan del choque cultural o de la adaptaci\u00f3n a un nuevo medioambiente, dan lecturas o trabajos espec\u00edficos en relaci\u00f3n con el pa\u00eds que hayan escogido, etc.<\/p>\n\n\n\n<p class=\"has-text-align-center has-normal-font-size\">\u00a1Aqu\u00ed tienen a los profesores que los acompa\u00f1an a lo largo de esta aventura!<\/p>\n\n\n\n<div class=\"wp-block-image\"><figure class=\"aligncenter size-large is-resized\"><img decoding=\"async\" loading=\"lazy\" src=\"https:\/\/bloguelangues.cecm.ca\/wp-content\/uploads\/2020\/06\/Teachers-2.jpg\" alt=\"\" class=\"wp-image-329\" width=\"396\" height=\"396\" srcset=\"https:\/\/bloguelangues.cecm.ca\/wp-content\/uploads\/2020\/06\/Teachers-2.jpg 512w, https:\/\/bloguelangues.cecm.ca\/wp-content\/uploads\/2020\/06\/Teachers-2-300x300.jpg 300w, https:\/\/bloguelangues.cecm.ca\/wp-content\/uploads\/2020\/06\/Teachers-2-150x150.jpg 150w, https:\/\/bloguelangues.cecm.ca\/wp-content\/uploads\/2020\/06\/Teachers-2-100x100.jpg 100w\" sizes=\"(max-width: 396px) 100vw, 396px\" \/><figcaption>De izquierda a derecha : Tabitha Rondeau, Genevi\u00e8ve Boudreau, Enrique Fernandez Velazquez, Sarah Inkman y Catherine <br>Baillargeon.<\/figcaption><\/figure><\/div>\n","protected":false},"excerpt":{"rendered":"<p>\u00bfQUI\u00c9NES SOMOS? Seguramente tiene muchas preguntas y quiz\u00e1 se pregunta\u2026 \u00bfQu\u00e9 es el CECM? \u00bfD\u00f3nde est\u00e1 Montmagny? \u00bfQu\u00e9 es el Programa Lenguas? \u00bfQu\u00e9 es la inmersi\u00f3n? \u00bfQui\u00e9nes son los profesores? Bueno, esta secci\u00f3n contiene toda la informaci\u00f3n que necesite con el fin de aprender a conocernos mejor. El Centro de estudios colegiales de Montmagny (CECM) (Centre d\u2019\u00e9tudes coll\u00e9giales de Montmagny (C\u00c9CM) El Centro de estudios colegiales de Montmagny (CECM) es un establecimiento de estudios post secundarios (colegiales) afiliado al C\u00e9gep de La Pocati\u00e8re y est\u00e1 situado en la ciudad de Montmagny. Un C\u00e9gep es un acr\u00f3nimo que significa \u201cCentro de<\/p>\n","protected":false},"author":1,"featured_media":0,"parent":0,"menu_order":0,"comment_status":"closed","ping_status":"closed","template":"","meta":[],"_links":{"self":[{"href":"https:\/\/bloguelangues.cecm.ca\/index.php?rest_route=\/wp\/v2\/pages\/2513"}],"collection":[{"href":"https:\/\/bloguelangues.cecm.ca\/index.php?rest_route=\/wp\/v2\/pages"}],"about":[{"href":"https:\/\/bloguelangues.cecm.ca\/index.php?rest_route=\/wp\/v2\/types\/page"}],"author":[{"embeddable":true,"href":"https:\/\/bloguelangues.cecm.ca\/index.php?rest_route=\/wp\/v2\/users\/1"}],"replies":[{"embeddable":true,"href":"https:\/\/bloguelangues.cecm.ca\/index.php?rest_route=%2Fwp%2Fv2%2Fcomments&post=2513"}],"version-history":[{"count":10,"href":"https:\/\/bloguelangues.cecm.ca\/index.php?rest_route=\/wp\/v2\/pages\/2513\/revisions"}],"predecessor-version":[{"id":2763,"href":"https:\/\/bloguelangues.cecm.ca\/index.php?rest_route=\/wp\/v2\/pages\/2513\/revisions\/2763"}],"wp:attachment":[{"href":"https:\/\/bloguelangues.cecm.ca\/index.php?rest_route=%2Fwp%2Fv2%2Fmedia&parent=2513"}],"curies":[{"name":"wp","href":"https:\/\/api.w.org\/{rel}","templated":true}]}}